{"id":555600,"date":"2019-05-08T17:28:49","date_gmt":"2019-05-08T15:28:49","guid":{"rendered":"https:\/\/www.sage-immobilien.at\/?page_id=555600"},"modified":"2019-05-08T17:30:06","modified_gmt":"2019-05-08T15:30:06","slug":"brixen-im-thale","status":"publish","type":"page","link":"https:\/\/www.sage-immobilien.at\/en\/ski-property\/brixen-im-thale\/","title":{"rendered":"Buying \/ selling ski properties in Brixen im Thale"},"content":{"rendered":"\n<style type=\"text\/css\" data-created_by=\"avia_inline_auto\" id=\"style-css-av-av_heading-681490dc4e706abee294e62e23a0fa29\">\n#top .av-special-heading.av-av_heading-681490dc4e706abee294e62e23a0fa29{\npadding-bottom:50px;\n}\nbody .av-special-heading.av-av_heading-681490dc4e706abee294e62e23a0fa29 .av-special-heading-tag .heading-char{\nfont-size:25px;\n}\n.av-special-heading.av-av_heading-681490dc4e706abee294e62e23a0fa29 .av-subheading{\nfont-size:15px;\n}\n<\/style>\n<div  class='av-special-heading av-av_heading-681490dc4e706abee294e62e23a0fa29 av-special-heading-h1 blockquote modern-quote  avia-builder-el-0  el_before_av_textblock  avia-builder-el-first  en_seitentitel'><h1 class='av-special-heading-tag '  >Buying \/ selling ski properties in Brixen im Thale<\/h1><div class=\"special-heading-border\"><div class=\"special-heading-inner-border\"><\/div><\/div><\/div>\n<section  class='av_textblock_section av-11821vyu-1ae7b52df32bcbf69b9d179792d195eb '  ><div class='avia_textblock' ><p>The <strong>municipality of Brixen im Thale<\/strong>, simply called &#8220;Brix&#8217;n&#8221; in the Tyrolean dialect, is located about eleven kilometers west of Kitzb\u00fchel, and has about 2615 inhabitants. Being at the same time the main and oldest town of the valley Brixental, this charming little spot has a lot of potential in terms of real estates. <strong>Buyers and sellers of a ski property in Brixen im Thale<\/strong> will be equally amazed by the many added values \u200b\u200bof this Tyrolean gem.<\/p>\n<p>As a neighbouring valley of the bigger Inn Valley, <strong>Brixental impresses with its location<\/strong>, which is at the same time central and pleasantly secluded. Not far from W\u00f6rgl and Kitzb\u00fchel, it is easy to get there (especially because the valley can be accessed from both sides) and is just so far away that you can enjoy your free time to the fullest. The <strong>picturesque landscape<\/strong> contributes a considerable part to this. Whether you live in <strong>your property in Brixen im Thale<\/strong> or rent it out for touristic use, you and your guests will be thrilled.<\/p>\n<\/div><\/section>\n\n<style type=\"text\/css\" data-created_by=\"avia_inline_auto\" id=\"style-css-av-av_heading-d0ccecc92756288703c71b46ea0b9538\">\n#top .av-special-heading.av-av_heading-d0ccecc92756288703c71b46ea0b9538{\npadding-bottom:10px;\n}\nbody .av-special-heading.av-av_heading-d0ccecc92756288703c71b46ea0b9538 .av-special-heading-tag .heading-char{\nfont-size:25px;\n}\n.av-special-heading.av-av_heading-d0ccecc92756288703c71b46ea0b9538 .av-subheading{\nfont-size:15px;\n}\n<\/style>\n<div  class='av-special-heading av-av_heading-d0ccecc92756288703c71b46ea0b9538 av-special-heading-h2 blockquote modern-quote  avia-builder-el-2  el_after_av_textblock  el_before_av_one_full '><h2 class='av-special-heading-tag '  >Buying ski properties in Brixen im Thale<\/h2><div class=\"special-heading-border\"><div class=\"special-heading-inner-border\"><\/div><\/div><\/div>\n\n<style type=\"text\/css\" data-created_by=\"avia_inline_auto\" id=\"style-css-av-s2yp9au-9c2b79e907de1e102eef010ff4404ca6\">\n.flex_column.av-s2yp9au-9c2b79e907de1e102eef010ff4404ca6{\nborder-radius:0px 0px 0px 0px;\npadding:0px 0px 0px 0px;\n}\n<\/style>\n<div  class='flex_column av-s2yp9au-9c2b79e907de1e102eef010ff4404ca6 av_one_full  avia-builder-el-3  el_after_av_heading  el_before_av_textblock  first flex_column_div av-zero-column-padding  '     ><p><section  class='av_textblock_section av-2gp2cba-1af4d02143dd30488b0c03aba2e12038 '  ><div class='avia_textblock' >\t\t\t\t\t\n<p>Aktuell keine Angebote.<\/p>\n\t\t\t\t\n<\/div><\/section><br \/>\n<section  class='av_textblock_section av-l4to0ly-6148c9b2ea9af5ba206e896b7bd8d1d9 '  ><div class='avia_textblock' >\t\t\t<div id=\"shortcode-immomakler-search\" class=\"immomakler\">\n\t\t\t\t\t\t\t\t\t\t<script type=\"text\/javascript\">\n\t\t\t\t\t(function($) {\n\t\t\t\t\t\t$(function() {\n\t\t\t\t\t\t\t\t\t\t\t\t\t\t\tif( \/Android|webOS|iPhone|iPad|iPod|BlackBerry\/i.test(navigator.userAgent) ) {\n\t\t\t\t\t\t\t\t\t$('.selectpicker').selectpicker('mobile');\n\t\t\t\t\t\t\t\t} else {\n\t\t\t\t\t\t\t\t\t$('.selectpicker').selectpicker({tickIcon: 'glyphicon-check', doneButton: true, doneButtonText: 'markierte ausw\u00e4hlen'});\n\t\t\t\t\t\t\t\t}\n\t\t\t\t\t\t\t\t\t\t\t\t\t});\n\t\t\t\t\t})(jQuery);\n\t\t\t\t<\/script>\n\t\t\t\t<style>\n\t\t\t\t\t.immomakler-search-taxonomy,\n\t\t\t\t\t.immomakler-search-radius {\n\t\t\t\t\t\tdisplay: none;\n\t\t\t\t\t}\n\t\t\t\t<\/style>\n\t\t\t\t\t\t\t<script type=\"text\/javascript\">\n\t\t\t\t\t\t\t\t\t\twindow.immomaklerAjaxifyConfig = {\"event\":\"scroll\",\"loading\":\"infinite\",\"loadingContainer\":\".immomakler-loading-container\",\"perPage\":\"12\",\"texts\":{\"amount\":\"{total} Ergebnisse\",\"button\":\"Weitere {amount} Ergebnisse laden\"},\"override\":{\"immomaklerTitle\":\".archive-subtitle\"},\"controls\":{\"handleFormSubmit\":false,\"updateTitle\":true,\"updateUrl\":\"FILTER_ONLY\"}}\t\t\t\t<\/script>\n\t\t\t\t<form data-immomakler=\"search-form\" id=\"shortcode-immomakler-search-form\" action=\"https:\/\/www.sage-immobilien.at\/en\/immobilien\/\" method=\"get\">\n\t\t\t\t<input type=\"hidden\" name=\"post_type\" value=\"immomakler_object\">\n\t\t\t\t<input type=\"hidden\" name=\"paged\" value=\"1\">\n\t\t\t\t\t\t\t\t\t\t\t\t\t\t\t\t\t\t\t\t\t\t\t\t<div class=\"search-taxonomies row\">\n\t\t\t\t\t\t\t\t<select id=\"shortcode-immomakler-search-taxonomy-immomakler_object_vermarktung\"\n\t\t\t\t\t\tname=\"vermarktungsart\"\n\t\t\t\t\t\tclass=\"immomakler-search-taxonomy immomakler_object_vermarktung col-xs-12 col-sm-3 selectpicker\"\n\t\t\t\t\t\t\t\t\t\t\t\t data-dropup-auto=\"false\"\t\t\t\t\t\t\t\t\t\t\t\taria-label=\"Immobilien-Vermarktungsarten\">\n\t\t\t\t\t\t\t\t\t\t\t\t\t\t\t\t<option value=\"\">Purchase and Rent<\/option>\n\t\t\t\t\t\t\t\t\t\t\t\t\t\t\t\t\t\t\t<option value=\"purchase-en\">\n\t\t\t\t\tPurchase\t\t\t\t\t<\/option>\n\t\t\t\t\t\t\t\t\t<\/select>\n\t\t\t\t\t\t\t<select id=\"shortcode-immomakler-search-taxonomy-immomakler_object_nutzungsart\"\n\t\t\t\t\t\tname=\"nutzungsart\"\n\t\t\t\t\t\tclass=\"immomakler-search-taxonomy immomakler_object_nutzungsart col-xs-12 col-sm-3 selectpicker\"\n\t\t\t\t\t\t\t\t\t\t\t\t data-dropup-auto=\"false\"\t\t\t\t\t\t\t\t\t\t\t\taria-label=\"Immobilien-Nutzungsarten\">\n\t\t\t\t\t\t\t\t\t\t\t\t\t\t\t\t<option value=\"\">All types of use<\/option>\n\t\t\t\t\t\t\t\t\t\t\t\t\t\t\t\t\t\t\t<option value=\"commercial-property-en\">\n\t\t\t\t\tCommercial property\t\t\t\t\t<\/option>\n\t\t\t\t\t\t\t\t\t\t<option value=\"investment-en\">\n\t\t\t\t\tInvestment\t\t\t\t\t<\/option>\n\t\t\t\t\t\t\t\t\t\t<option value=\"residential-property-en\">\n\t\t\t\t\tResidential Property\t\t\t\t\t<\/option>\n\t\t\t\t\t\t\t\t\t<\/select>\n\t\t\t\t\t\t\t<select id=\"shortcode-immomakler-search-taxonomy-immomakler_object_type\"\n\t\t\t\t\t\tname=\"typ\"\n\t\t\t\t\t\tclass=\"immomakler-search-taxonomy immomakler_object_type col-xs-12 col-sm-3 selectpicker\"\n\t\t\t\t\t\t\t\t\t\t\t\t data-dropup-auto=\"false\"\t\t\t\t\t\t\t\t\t\t\t\taria-label=\"Immobilien-Objektarten\">\n\t\t\t\t\t\t\t\t\t\t\t\t\t\t\t\t<option value=\"\">All property types<\/option>\n\t\t\t\t\t\t\t\t\t\t\t\t\t\t\t\t\t\t\t<option value=\"apartment-en\">\n\t\t\t\t\tApartment\t\t\t\t\t<\/option>\n\t\t\t\t\t\t\t\t\t\t<option value=\"apartment-with-terrace-en\">\n\t\t\t\t\t&mdash; Apartment with terrace\t\t\t\t\t<\/option>\n\t\t\t\t\t\t\t\t\t\t<option value=\"ground-floor-apartment-en\">\n\t\t\t\t\t&mdash; Ground floor apartment\t\t\t\t\t<\/option>\n\t\t\t\t\t\t\t\t\t\t<option value=\"maisonette-en\">\n\t\t\t\t\t&mdash; Maisonette\t\t\t\t\t<\/option>\n\t\t\t\t\t\t\t\t\t\t<option value=\"penthouse-en\">\n\t\t\t\t\t&mdash; Penthouse\t\t\t\t\t<\/option>\n\t\t\t\t\t\t\t\t\t\t<option value=\"top-floor-en\">\n\t\t\t\t\t&mdash; Top floor\t\t\t\t\t<\/option>\n\t\t\t\t\t\t\t\t\t\t<option value=\"gastronomyhotels-en\">\n\t\t\t\t\tGastronomy\/Hotels\t\t\t\t\t<\/option>\n\t\t\t\t\t\t\t\t\t\t<option value=\"guest-house-en\">\n\t\t\t\t\t&mdash; Guest house\t\t\t\t\t<\/option>\n\t\t\t\t\t\t\t\t\t\t<option value=\"pension-en\">\n\t\t\t\t\t&mdash; Pension\t\t\t\t\t<\/option>\n\t\t\t\t\t\t\t\t\t\t<option value=\"house-en\">\n\t\t\t\t\tHouse\t\t\t\t\t<\/option>\n\t\t\t\t\t\t\t\t\t\t<option value=\"farm-house-en\">\n\t\t\t\t\t&mdash; Farm house\t\t\t\t\t<\/option>\n\t\t\t\t\t\t\t\t\t\t<option value=\"holiday-home-en\">\n\t\t\t\t\t&mdash; holiday home\t\t\t\t\t<\/option>\n\t\t\t\t\t\t\t\t\t\t<option value=\"multi-family-house-en\">\n\t\t\t\t\t&mdash; Multi-family house\t\t\t\t\t<\/option>\n\t\t\t\t\t\t\t\t\t\t<option value=\"row-house-en\">\n\t\t\t\t\t&mdash; Row house\t\t\t\t\t<\/option>\n\t\t\t\t\t\t\t\t\t\t<option value=\"semi-detached-house-en\">\n\t\t\t\t\t&mdash; Semi-detached house\t\t\t\t\t<\/option>\n\t\t\t\t\t\t\t\t\t\t<option value=\"single-family-home-en\">\n\t\t\t\t\t&mdash; single family home\t\t\t\t\t<\/option>\n\t\t\t\t\t\t\t\t\t\t<option value=\"investment-property-en\">\n\t\t\t\t\tInvestment property\t\t\t\t\t<\/option>\n\t\t\t\t\t\t\t\t\t\t<option value=\"apartment-building-investment-property-en\">\n\t\t\t\t\t&mdash; Apartment building (investment property)\t\t\t\t\t<\/option>\n\t\t\t\t\t\t\t\t\t\t<option value=\"country-en\">\n\t\t\t\t\tLand\t\t\t\t\t<\/option>\n\t\t\t\t\t\t\t\t\t\t<option value=\"office-surgery-en\">\n\t\t\t\t\toffice \/ surgery\t\t\t\t\t<\/option>\n\t\t\t\t\t\t\t\t\t\t<option value=\"office-en\">\n\t\t\t\t\t&mdash; Office\t\t\t\t\t<\/option>\n\t\t\t\t\t\t\t\t\t<\/select>\n\t\t\t\t\t\t\t<select id=\"shortcode-immomakler-search-taxonomy-immomakler_object_location\"\n\t\t\t\t\t\tname=\"ort\"\n\t\t\t\t\t\tclass=\"immomakler-search-taxonomy immomakler_object_location col-xs-12 col-sm-3 selectpicker\"\n\t\t\t\t\t\t\t\t\t\t\t\t data-dropup-auto=\"false\"\t\t\t\t\t\t\t\t\t\t\t\taria-label=\"Immobilien-Orte\">\n\t\t\t\t\t\t\t\t\t\t\t\t\t\t\t\t<option value=\"\">All locations<\/option>\n\t\t\t\t\t\t\t\t\t\t\t\t\t\t\t\t\t\t\t<option value=\"aurach-bei-kitzbuehel-en\">\n\t\t\t\t\tAurach bei Kitzb\u00fchel\t\t\t\t\t<\/option>\n\t\t\t\t\t\t\t\t\t\t<option value=\"bad-gastein-en\">\n\t\t\t\t\tBad Gastein\t\t\t\t\t<\/option>\n\t\t\t\t\t\t\t\t\t\t<option value=\"bad-hofgastein-en\">\n\t\t\t\t\tBad Hofgastein\t\t\t\t\t<\/option>\n\t\t\t\t\t\t\t\t\t\t<option value=\"bramberg-am-wildkogel-en\">\n\t\t\t\t\tBramberg am Wildkogel\t\t\t\t\t<\/option>\n\t\t\t\t\t\t\t\t\t\t<option value=\"bruck-an-der-glocknerstrasse-en\">\n\t\t\t\t\tBruck an der Glocknerstra\u00dfe\t\t\t\t\t<\/option>\n\t\t\t\t\t\t\t\t\t\t<option value=\"erpfendorf-en\">\n\t\t\t\t\tErpfendorf\t\t\t\t\t<\/option>\n\t\t\t\t\t\t\t\t\t\t<option value=\"fieberbrunn-en\">\n\t\t\t\t\tFieberbrunn\t\t\t\t\t<\/option>\n\t\t\t\t\t\t\t\t\t\t<option value=\"fuerth-en\">\n\t\t\t\t\tF\u00fcrth\t\t\t\t\t<\/option>\n\t\t\t\t\t\t\t\t\t\t<option value=\"goldegg-en\">\n\t\t\t\t\tGoldegg\t\t\t\t\t<\/option>\n\t\t\t\t\t\t\t\t\t\t<option value=\"hinterglemm-en\">\n\t\t\t\t\tHinterglemm\t\t\t\t\t<\/option>\n\t\t\t\t\t\t\t\t\t\t<option value=\"kaprun-en\">\n\t\t\t\t\tKaprun\t\t\t\t\t<\/option>\n\t\t\t\t\t\t\t\t\t\t<option value=\"lofer-en\">\n\t\t\t\t\tLofer\t\t\t\t\t<\/option>\n\t\t\t\t\t\t\t\t\t\t<option value=\"maishofen-en\">\n\t\t\t\t\tMaishofen\t\t\t\t\t<\/option>\n\t\t\t\t\t\t\t\t\t\t<option value=\"maria-alm-en\">\n\t\t\t\t\tMaria Alm\t\t\t\t\t<\/option>\n\t\t\t\t\t\t\t\t\t\t<option value=\"mittersill-en\">\n\t\t\t\t\tMittersill\t\t\t\t\t<\/option>\n\t\t\t\t\t\t\t\t\t\t<option value=\"neukirchen-am-grossvenediger-en\">\n\t\t\t\t\tNeukirchen am Gro\u00dfvenediger\t\t\t\t\t<\/option>\n\t\t\t\t\t\t\t\t\t\t<option value=\"piesendorf-en\">\n\t\t\t\t\tPiesendorf\t\t\t\t\t<\/option>\n\t\t\t\t\t\t\t\t\t\t<option value=\"radstadt-en\">\n\t\t\t\t\tRadstadt\t\t\t\t\t<\/option>\n\t\t\t\t\t\t\t\t\t\t<option value=\"rauris-en\">\n\t\t\t\t\tRauris\t\t\t\t\t<\/option>\n\t\t\t\t\t\t\t\t\t\t<option value=\"saalbach-hinterglemm-en\">\n\t\t\t\t\tSaalbach-Hinterglemm\t\t\t\t\t<\/option>\n\t\t\t\t\t\t\t\t\t\t<option value=\"sankt-johann-in-tirol-en\">\n\t\t\t\t\tSankt Johann in Tirol\t\t\t\t\t<\/option>\n\t\t\t\t\t\t\t\t\t\t<option value=\"sankt-ulrich-am-pillersee-en\">\n\t\t\t\t\tSankt Ulrich am Pillersee\t\t\t\t\t<\/option>\n\t\t\t\t\t\t\t\t\t\t<option value=\"sankt-veit-im-pongau-en\">\n\t\t\t\t\tSankt Veit im Pongau\t\t\t\t\t<\/option>\n\t\t\t\t\t\t\t\t\t\t<option value=\"st-johann-im-pongau-en\">\n\t\t\t\t\tSt. Johann im Pongau\t\t\t\t\t<\/option>\n\t\t\t\t\t\t\t\t\t\t<option value=\"wagrain-en\">\n\t\t\t\t\tWagrain\t\t\t\t\t<\/option>\n\t\t\t\t\t\t\t\t\t\t<option value=\"wald-im-pinzgau-en\">\n\t\t\t\t\tWald im Pinzgau\t\t\t\t\t<\/option>\n\t\t\t\t\t\t\t\t\t\t<option value=\"werfen-en\">\n\t\t\t\t\tWerfen\t\t\t\t\t<\/option>\n\t\t\t\t\t\t\t\t\t\t<option value=\"zell-am-see-en\">\n\t\t\t\t\tZell am See\t\t\t\t\t<\/option>\n\t\t\t\t\t\t\t\t\t<\/select>\n\t\t\t\t\t\t\t<\/div>\n\t\t\t\t\t\t\t\t  <div id=\"shortcode-immomakler-search-advanced\" class=\"panel panel-default\">\n\t\t\t\t\t\t\t\t\t\t<div class=\"panel-heading\"><div class=\"search-actions row\">\n\t\t\t\t\t\t\t\t\t\t\t\t\t<button type=\"submit\" class=\"immomakler-submit btn btn-primary\">\n\t\t\t\t\t\t\t\t<span class=\"glyphicon glyphicon-search\"><\/span>\n\t\t\t\t\t\t\t\tShow 66 results\t\t\t\t\t\t\t<\/button>\n\t\t\t\t\t\t\t\t\t\t\t\t\t\t\t\t\t\t\t\t\t\t\t\t\t\t\t\t\t\t\t<a class=\"btn btn-secondary\" id=\"immomakler-search-reset\" href=\"\" role=\"button\">\n\t\t\t\t\t\t\tSuche zur\u00fccksetzen\t\t\t\t\t\t<\/a>\n\t\t\t\t\t\t\t\t\t\t\t\t\t\t\t\t\t\t\t\t\t\t\t\t\t\t\t\t\t<div class=\"input-group search-for-id\">\n\t\t\t\t\t\t\t<input type=\"text\" class=\"form-control\" name=\"objekt-id\" aria-label=\"Objekt-ID suchen\" data-submit-form=\"objekt-id\" placeholder=\"Objekt-ID suchen\" value=\"\">\n\t\t\t\t\t\t\t<span class=\"input-group-btn\">\n\t\t\t\t\t\t\t\t<button class=\"btn btn-default\" type=\"submit\" aria-label=\"Objekt-ID suchen\"><span class=\"glyphicon glyphicon-search\"><\/span><\/button>\n\t\t\t\t\t\t\t<\/span>\n\t\t\t\t\t\t<\/div>\n\t\t\t\t\t\t\t\t\t\t\t\t\t\t\t\t<\/div><\/div>\n\t\t\t\t\t\t\t\t  <\/div>\n\t\t\t\t\t\t\t\t<\/form>\n\t\t\t\t<script type=\"text\/javascript\">\n\t\t\t\t(function($) {\n\t\t\t\t  $(function() {\n\t\t\t\t\t$( '#shortcode-immomakler-search' ).ajaxStart(function() {\n\t\t\t\t\t  $( '#shortcode-immomakler-search' ).css('opacity', 0.5);\n\t\t\t\t\t});\n\t\t\t\t\t$( '#shortcode-immomakler-search' ).ajaxComplete(function() {\n\t\t\t\t\t  $( '#shortcode-immomakler-search' ).css('opacity', 1);\n\t\t\t\t\t});\n\t\t\t\t  });\n\t\t\t\t})(jQuery);\n\t\t\t\t\t\t\t\t(function($) {\n\t\t\t\t  $(function() {\n\t\t\t\t\t$('.immomakler-search-taxonomy').on('change', function (e) {\n\t\t\t\t\t\t$('.search-actions .immomakler-submit').prop('disabled', true);\n\t\t\t\t\t\t  if ($('[data-submit-form=\"objekt-id\"]').val()) {\n\t\t\t\t\t\t\t  $('[data-immomakler=\"search-form\"]').submit();\n\t\t\t\t\t\t\t  return false;\n\t\t\t\t\t\t  }\n\t\t\t\t\t  if ($('#shortcode-collapseable-search').hasClass('in')) { $(\"input[name='collapse']\").val('in');} else { $(\"input[name='collapse']\").val('out');}\n\t\t\t\t\t  \t\t\t\t\t\t$('#shortcode-immomakler-search').load('https:\/\/www.sage-immobilien.at\/en\/immobilien\/?callback=immomakler_get_search_form&post_type=immomakler_object&columns=4&prefix=shortcode-&' + $('#shortcode-immomakler-search-form').serialize() );\n\t\t\t\t\t  \t\t\t\t\t\treturn false;\n\t\t\t\t\t});\n\t\t\t\t  });\n\t\t\t\t})(jQuery);\n\t\t\t\t\t\t\t\t\t\t\t\t(function($) {\n\t\t\t\t  $(function() {\n\t\t\t\t\t$('.immomakler-search-range-slider').change(function() {\n\t\t\t\t\t\tif ($('[data-submit-form=\"objekt-id\"]').val()) {\n\t\t\t\t\t\t\t$('[data-immomakler=\"search-form\"]').submit();\n\t\t\t\t\t\t\treturn false;\n\t\t\t\t\t\t  }\n\t\t\t\t\t  if ($('#shortcode-collapseable-search').hasClass('in')) { $(\"input[name='collapse']\").val('in');} else { $(\"input[name='collapse']\").val('out');}\n\t\t\t\t\t  \t\t\t\t\t$('#shortcode-immomakler-search').load('https:\/\/www.sage-immobilien.at\/en\/immobilien\/?callback=immomakler_get_search_form&post_type=immomakler_object&columns=4&prefix=shortcode-&' + $('#shortcode-immomakler-search-form').serialize() );\n\t\t\t\t\t  \t\t\t\t\t\treturn false;\n\t\t\t\t\t});\n\t\t\t\t  });\n\t\t\t\t})(jQuery);\n\t\t\t\t\t\t\t\t\t\t\t\t(function($) {\n\t\t\t\t  $(function() {\n\t\t\t\t\t$('.immomakler-search-radius').change(function() {\n\t\t\t\t\t\tif ($('[data-submit-form=\"objekt-id\"]').val()) {\n\t\t\t\t\t\t\t$('[data-immomakler=\"search-form\"]').submit();\n\t\t\t\t\t\t\treturn false;\n\t\t\t\t\t\t  }\n\t\t\t\t\t  if ($('#shortcode-collapseable-search').hasClass('in')) { $(\"input[name='collapse']\").val('in');} else { $(\"input[name='collapse']\").val('out');}\n\t\t\t\t\t  \t\t\t\t\t$('#shortcode-immomakler-search').load('https:\/\/www.sage-immobilien.at\/en\/immobilien\/?callback=immomakler_get_search_form&post_type=immomakler_object&columns=4&prefix=shortcode-&' + $('#shortcode-immomakler-search-form').serialize() );\n\t\t\t\t\t  \t\t\t\t\t\treturn false;\n\t\t\t\t\t});\n\t\t\t\t  });\n\t\t\t\t})(jQuery);\n\t\t\t\t\t\t\t\t(function($) {\n\t\t\t\t  $(function() {\n\t\t\t\t\t$('#immomakler-search-reset').click(function() {\n\t\t\t\t\t  if ($('#shortcode-collapseable-search').hasClass('in')) { $(\"input[name='collapse']\").val('in');} else { $(\"input[name='collapse']\").val('out');}\n\t\t\t\t\t$('#shortcode-immomakler-search').load('https:\/\/www.sage-immobilien.at\/en\/immobilien\/?callback=immomakler_get_search_form&post_type=immomakler_object&columns=4&prefix=shortcode-' );\n\t\t\t\t\t\treturn false;\n\t\t\t\t\t});\n\t\t\t\t  });\n\t\t\t\t})(jQuery);\n\t\t\t\tjQuery(document).ready(function($) {\n\t\t\t\t\t$('.search-ranges').show();\n\t\t\t\t});\n\t\t\t\t<\/script>\n\t\t\t\t\t\t<\/div> <!-- immomakler-search -->\n\t\t\t\n<\/div><\/section><br \/>\n<div  class='avia-button-wrap avia-button-center  avia-builder-el-6  el_after_av_textblock  el_before_av_hr '>\n<style type=\"text\/css\" data-created_by=\"avia_inline_auto\" id=\"style-css-av-hqqm4ye-cd668259bc2f62af3eac6613ddff3ea1\">\n#top #wrap_all .avia-button.av-hqqm4ye-cd668259bc2f62af3eac6613ddff3ea1{\ncolor:#ffffff;\ntransition:all 0.4s ease-in-out;\n}\n#top #wrap_all .avia-button.av-hqqm4ye-cd668259bc2f62af3eac6613ddff3ea1:hover{\ncolor:#ffffff;\ntransition:all 0.4s ease-in-out;\n}\n#top #wrap_all .avia-button.av-hqqm4ye-cd668259bc2f62af3eac6613ddff3ea1 .avia-svg-icon svg:first-child{\nfill:#ffffff;\nstroke:#ffffff;\n}\n#top #wrap_all .avia-button.av-hqqm4ye-cd668259bc2f62af3eac6613ddff3ea1:hover .avia-svg-icon svg:first-child{\nfill:#ffffff;\nstroke:#ffffff;\n}\n<\/style>\n<a href='https:\/\/www.sage-immobilien.at\/immobilien-vermarktungsart\/kauf\/?post_type=immomakler_object&amp;vermarktungsart=kauf&amp;ort=brixen-im-thale' class='avia-color-theme-color avia-button avia-button-fullwidth av-hqqm4ye-cd668259bc2f62af3eac6613ddff3ea1 avia-icon_select-yes-left-icon avia-color-theme-color'   aria-label=\"More...\"><span class='avia_button_icon avia_button_icon_left avia-iconfont avia-font-entypo-fontello' data-av_icon='\ue821' data-av_iconfont='entypo-fontello' ><\/span><span class='avia_iconbox_title' >More...<\/span><span class='avia_button_background avia-button avia-button-fullwidth avia-color-theme-color'><\/span><\/a><\/div><br \/>\n\n<style type=\"text\/css\" data-created_by=\"avia_inline_auto\" id=\"style-css-av-cnre7x2-121315d52674c6ae817b6d1d44101364\">\n#top .hr.hr-invisible.av-cnre7x2-121315d52674c6ae817b6d1d44101364{\nheight:50px;\n}\n<\/style>\n<div  class='hr av-cnre7x2-121315d52674c6ae817b6d1d44101364 hr-invisible  avia-builder-el-7  el_after_av_button_big  avia-builder-el-no-sibling '><span class='hr-inner '><span class=\"hr-inner-style\"><\/span><\/span><\/div><\/p><\/div>\n<section  class='av_textblock_section av-7sit5zq-ee418acbec97b5c61caf4c2946b87107 '  ><div class='avia_textblock' ><h2>The ski destination Brixen im Thale<\/h2>\n<p>As <strong>one of the larger tourist resorts in the Tyrolean Unterland<\/strong>, Brixen offers a lot of leisure activities. The municipality is bordered by the largest associated ski area in Austria, and incidentally the third largest in the world &#8211; &#8220;Skiwelt Wilder Kaiser &#8211; Brixental&#8221;. This advantageous location entails a <strong>good tourist infrastructure<\/strong>, as well as a wide range of sports and recreational opportunities. In addition, Brixen is located at the federal road Brixentalstra\u00dfe B 170, which leads from W\u00f6rgl to Kitzb\u00fchel and the village is also easily accessible via the train connection Salzburg-Tiroler-Bahn.<\/p>\n<p>Brixen im Thale is to a certain extent the down-to-earth counterpart to Kitzb\u00fchel, which is only about 10 minutes away. Family-run accommodation, inns, guesthouses and the well-established &#8220;farm stay holidays&#8221; make up the <strong>charming spirit of the ski resort<\/strong>. The guests enjoy a total of 284 kilometers of pistes and 90 ski lifts in the ski area SkiWelt Wilder Kaiser &#8211; Brixental. For a break you can choose between more than 80 traditional ski huts.<\/p>\n<p><img decoding=\"async\" class=\"alignleft size-portfolio wp-image-539491 lazyload\" data-src=\"https:\/\/www.sage-immobilien.at\/wp-content\/uploads\/2019\/03\/ski-immobilien-brixen-im-thale-495x400.jpg\" alt=\"Ski-Immobilie kaufen in Brixen im Thale\" width=\"495\" height=\"400\" src=\"data:image\/svg+xml;base64,PHN2ZyB3aWR0aD0iMSIgaGVpZ2h0PSIxIiB4bWxucz0iaHR0cDovL3d3dy53My5vcmcvMjAwMC9zdmciPjwvc3ZnPg==\" style=\"--smush-placeholder-width: 495px; --smush-placeholder-aspect-ratio: 495\/400;\" \/><\/p>\n<p>As already mentioned, <strong>the village is not far from <a href=\"https:\/\/www.sage-immobilien.at\/en\/ski-property\/kitzbuehel\/\">Kitzb\u00fchel<\/a> and Kirchberg in Tirol<\/strong>. On skis and with the lift Ki-West you can reach the ski area Kitzb\u00fchel via the mountain Gampenkogel, which of course can also be reached easily by car or even by train. A trip to the classy ski area of Kitzb\u00fchel is therefore just as simply possible at any time as the return to cosy Brixen im Thale.<\/p>\n<h2>Quality of life and infrastructure of the municipality of Brixen im Thale<\/h2>\n<p>The high quality of living in Brixen is leveraged by the clear effort to improve the design of the village Extensive renovation and construction work is creating significant growth in the economy and housing options. The upswing in recent years has also led to an improvement in shopping facilities in the town. Thus, the infrastructure for everyday life is provided in this alpine village in Tyrol. Not only lovers of nature will opt for a <strong>property in Brixen im Thale<\/strong>, but also people with a sense of discovery.<\/p>\n<h2>Your ski property in Brixen im Thale with SAGE Immobilien<\/h2>\n<p><strong>We at SAGE Immobilien are your point of contact<\/strong> if you are interested in the region surrounding the <strong>municipality of Brixen im Thale<\/strong>. From newly constructed properties to traditional ski huts in need of renovation, you will find the <strong>ski property in Brixen im Thale that suits your needs and requirements<\/strong>. On request, you can leaf through our detailed brochures and of course, if you are interested, we are happy to arrange a viewing of the dream property on site.<\/p>\n<p>Feel free to <a href=\"https:\/\/www.sage-immobilien.at\/en\/contact\/\">contact us<\/a> and we take care of making your dream of a <strong>property in Brixen im Thale<\/strong> come true.<\/p>\n<\/div><\/section>\n","protected":false},"excerpt":{"rendered":"","protected":false},"author":4,"featured_media":0,"parent":544856,"menu_order":0,"comment_status":"closed","ping_status":"closed","template":"","meta":{"footnotes":""},"class_list":["post-555600","page","type-page","status-publish","hentry"],"_links":{"self":[{"href":"https:\/\/www.sage-immobilien.at\/en\/wp-json\/wp\/v2\/pages\/555600","targetHints":{"allow":["GET"]}}],"collection":[{"href":"https:\/\/www.sage-immobilien.at\/en\/wp-json\/wp\/v2\/pages"}],"about":[{"href":"https:\/\/www.sage-immobilien.at\/en\/wp-json\/wp\/v2\/types\/page"}],"author":[{"embeddable":true,"href":"https:\/\/www.sage-immobilien.at\/en\/wp-json\/wp\/v2\/users\/4"}],"replies":[{"embeddable":true,"href":"https:\/\/www.sage-immobilien.at\/en\/wp-json\/wp\/v2\/comments?post=555600"}],"version-history":[{"count":0,"href":"https:\/\/www.sage-immobilien.at\/en\/wp-json\/wp\/v2\/pages\/555600\/revisions"}],"up":[{"embeddable":true,"href":"https:\/\/www.sage-immobilien.at\/en\/wp-json\/wp\/v2\/pages\/544856"}],"wp:attachment":[{"href":"https:\/\/www.sage-immobilien.at\/en\/wp-json\/wp\/v2\/media?parent=555600"}],"curies":[{"name":"wp","href":"https:\/\/api.w.org\/{rel}","templated":true}]}}