{"id":557243,"date":"2019-05-15T14:49:29","date_gmt":"2019-05-15T12:49:29","guid":{"rendered":"https:\/\/www.sage-immobilien.at\/?page_id=557243"},"modified":"2019-05-15T14:49:29","modified_gmt":"2019-05-15T12:49:29","slug":"grossarl","status":"publish","type":"page","link":"https:\/\/www.sage-immobilien.at\/en\/ski-property\/grossarl\/","title":{"rendered":"Buying \/ selling ski properties in Gro\u00dfarl"},"content":{"rendered":"\n<style type=\"text\/css\" data-created_by=\"avia_inline_auto\" id=\"style-css-av-jvp7t1he-5972ee203e14c1d95be3bd01ae90cd02\">\n#top .av-special-heading.av-jvp7t1he-5972ee203e14c1d95be3bd01ae90cd02{\npadding-bottom:50px;\n}\nbody .av-special-heading.av-jvp7t1he-5972ee203e14c1d95be3bd01ae90cd02 .av-special-heading-tag .heading-char{\nfont-size:25px;\n}\n.av-special-heading.av-jvp7t1he-5972ee203e14c1d95be3bd01ae90cd02 .av-subheading{\nfont-size:15px;\n}\n<\/style>\n<div  class='av-special-heading av-jvp7t1he-5972ee203e14c1d95be3bd01ae90cd02 av-special-heading-h1 blockquote modern-quote  avia-builder-el-0  el_before_av_textblock  avia-builder-el-first  en_seitentitel'><h1 class='av-special-heading-tag '  >Buying \/ selling ski properties in Gro\u00dfarl<\/h1><div class=\"special-heading-border\"><div class=\"special-heading-inner-border\"><\/div><\/div><\/div>\n<section  class='av_textblock_section av-13i04qf7-dde7e49a6ec3a9116b2b938d0573e93a '  ><div class='avia_textblock' ><p>As part of the district of St. Johann im Pongau, the Gro\u00dfarl Valley is <strong>named after the market town of Gro\u00dfarl<\/strong>. About 3800 inhabitants live in this beautiful area, which is located about 70 kilometers south of the city of Salzburg. Gro\u00dfarl is surrounded by mountains and is situated on a plateau. <strong>An ideal and beautiful location for a real estate<\/strong>.<\/p>\n<\/div><\/section>\n\n<style type=\"text\/css\" data-created_by=\"avia_inline_auto\" id=\"style-css-av-jvp7tr33-dbed43e359c57aa80f0292f725686b86\">\n#top .av-special-heading.av-jvp7tr33-dbed43e359c57aa80f0292f725686b86{\npadding-bottom:10px;\n}\nbody .av-special-heading.av-jvp7tr33-dbed43e359c57aa80f0292f725686b86 .av-special-heading-tag .heading-char{\nfont-size:25px;\n}\n.av-special-heading.av-jvp7tr33-dbed43e359c57aa80f0292f725686b86 .av-subheading{\nfont-size:15px;\n}\n<\/style>\n<div  class='av-special-heading av-jvp7tr33-dbed43e359c57aa80f0292f725686b86 av-special-heading-h2 blockquote modern-quote  avia-builder-el-2  el_after_av_textblock  el_before_av_one_full '><h2 class='av-special-heading-tag '  >Buying ski properties in Gro\u00dfarl<\/h2><div class=\"special-heading-border\"><div class=\"special-heading-inner-border\"><\/div><\/div><\/div>\n\n<style type=\"text\/css\" data-created_by=\"avia_inline_auto\" id=\"style-css-av-sznr88z-5b70ac03986236990aa07bed00bea831\">\n.flex_column.av-sznr88z-5b70ac03986236990aa07bed00bea831{\nborder-radius:0px 0px 0px 0px;\npadding:0px 0px 0px 0px;\n}\n<\/style>\n<div  class='flex_column av-sznr88z-5b70ac03986236990aa07bed00bea831 av_one_full  avia-builder-el-3  el_after_av_heading  el_before_av_textblock  first flex_column_div av-zero-column-padding  '     ><p><section  class='av_textblock_section av-2h4jm0z-7d679afd2880fa3ffb53fb55adb33729 '  ><div class='avia_textblock' >\t\t\t\t\t\n<p>Aktuell keine Angebote.<\/p>\n\t\t\t\t\n<\/div><\/section><br \/>\n<section  class='av_textblock_section av-ljb7qir-3b397ad5d9a01992186a37c929d93b75 '  ><div class='avia_textblock' >\t\t\t<div id=\"shortcode-immomakler-search\" class=\"immomakler\">\n\t\t\t\t\t\t\t\t\t\t<script type=\"text\/javascript\">\n\t\t\t\t\t(function($) {\n\t\t\t\t\t\t$(function() {\n\t\t\t\t\t\t\t\t\t\t\t\t\t\t\tif( \/Android|webOS|iPhone|iPad|iPod|BlackBerry\/i.test(navigator.userAgent) ) {\n\t\t\t\t\t\t\t\t\t$('.selectpicker').selectpicker('mobile');\n\t\t\t\t\t\t\t\t} else {\n\t\t\t\t\t\t\t\t\t$('.selectpicker').selectpicker({tickIcon: 'glyphicon-check', doneButton: true, doneButtonText: 'markierte ausw\u00e4hlen'});\n\t\t\t\t\t\t\t\t}\n\t\t\t\t\t\t\t\t\t\t\t\t\t});\n\t\t\t\t\t})(jQuery);\n\t\t\t\t<\/script>\n\t\t\t\t<style>\n\t\t\t\t\t.immomakler-search-taxonomy,\n\t\t\t\t\t.immomakler-search-radius {\n\t\t\t\t\t\tdisplay: none;\n\t\t\t\t\t}\n\t\t\t\t<\/style>\n\t\t\t\t\t\t\t<script type=\"text\/javascript\">\n\t\t\t\t\t\t\t\t\t\twindow.immomaklerAjaxifyConfig = {\"event\":\"scroll\",\"loading\":\"infinite\",\"loadingContainer\":\".immomakler-loading-container\",\"perPage\":\"12\",\"texts\":{\"amount\":\"{total} Ergebnisse\",\"button\":\"Weitere {amount} Ergebnisse laden\"},\"override\":{\"immomaklerTitle\":\".archive-subtitle\"},\"controls\":{\"handleFormSubmit\":false,\"updateTitle\":true,\"updateUrl\":\"FILTER_ONLY\"}}\t\t\t\t<\/script>\n\t\t\t\t<form data-immomakler=\"search-form\" id=\"shortcode-immomakler-search-form\" action=\"https:\/\/www.sage-immobilien.at\/en\/immobilien\/\" method=\"get\">\n\t\t\t\t<input type=\"hidden\" name=\"post_type\" value=\"immomakler_object\">\n\t\t\t\t<input type=\"hidden\" name=\"paged\" value=\"1\">\n\t\t\t\t\t\t\t\t\t\t\t\t\t\t\t\t\t\t\t\t\t\t\t\t<div class=\"search-taxonomies row\">\n\t\t\t\t\t\t\t\t<select id=\"shortcode-immomakler-search-taxonomy-immomakler_object_vermarktung\"\n\t\t\t\t\t\tname=\"vermarktungsart\"\n\t\t\t\t\t\tclass=\"immomakler-search-taxonomy immomakler_object_vermarktung col-xs-12 col-sm-3 selectpicker\"\n\t\t\t\t\t\t\t\t\t\t\t\t data-dropup-auto=\"false\"\t\t\t\t\t\t\t\t\t\t\t\taria-label=\"Immobilien-Vermarktungsarten\">\n\t\t\t\t\t\t\t\t\t\t\t\t\t\t\t\t<option value=\"\">Purchase and Rent<\/option>\n\t\t\t\t\t\t\t\t\t\t\t\t\t\t\t\t\t\t\t<option value=\"purchase-en\">\n\t\t\t\t\tPurchase\t\t\t\t\t<\/option>\n\t\t\t\t\t\t\t\t\t<\/select>\n\t\t\t\t\t\t\t<select id=\"shortcode-immomakler-search-taxonomy-immomakler_object_nutzungsart\"\n\t\t\t\t\t\tname=\"nutzungsart\"\n\t\t\t\t\t\tclass=\"immomakler-search-taxonomy immomakler_object_nutzungsart col-xs-12 col-sm-3 selectpicker\"\n\t\t\t\t\t\t\t\t\t\t\t\t data-dropup-auto=\"false\"\t\t\t\t\t\t\t\t\t\t\t\taria-label=\"Immobilien-Nutzungsarten\">\n\t\t\t\t\t\t\t\t\t\t\t\t\t\t\t\t<option value=\"\">All types of use<\/option>\n\t\t\t\t\t\t\t\t\t\t\t\t\t\t\t\t\t\t\t<option value=\"commercial-property-en\">\n\t\t\t\t\tCommercial property\t\t\t\t\t<\/option>\n\t\t\t\t\t\t\t\t\t\t<option value=\"investment-en\">\n\t\t\t\t\tInvestment\t\t\t\t\t<\/option>\n\t\t\t\t\t\t\t\t\t\t<option value=\"residential-property-en\">\n\t\t\t\t\tResidential Property\t\t\t\t\t<\/option>\n\t\t\t\t\t\t\t\t\t<\/select>\n\t\t\t\t\t\t\t<select id=\"shortcode-immomakler-search-taxonomy-immomakler_object_type\"\n\t\t\t\t\t\tname=\"typ\"\n\t\t\t\t\t\tclass=\"immomakler-search-taxonomy immomakler_object_type col-xs-12 col-sm-3 selectpicker\"\n\t\t\t\t\t\t\t\t\t\t\t\t data-dropup-auto=\"false\"\t\t\t\t\t\t\t\t\t\t\t\taria-label=\"Immobilien-Objektarten\">\n\t\t\t\t\t\t\t\t\t\t\t\t\t\t\t\t<option value=\"\">All property types<\/option>\n\t\t\t\t\t\t\t\t\t\t\t\t\t\t\t\t\t\t\t<option value=\"apartment-en\">\n\t\t\t\t\tApartment\t\t\t\t\t<\/option>\n\t\t\t\t\t\t\t\t\t\t<option value=\"apartment-with-terrace-en\">\n\t\t\t\t\t&mdash; Apartment with terrace\t\t\t\t\t<\/option>\n\t\t\t\t\t\t\t\t\t\t<option value=\"ground-floor-apartment-en\">\n\t\t\t\t\t&mdash; Ground floor apartment\t\t\t\t\t<\/option>\n\t\t\t\t\t\t\t\t\t\t<option value=\"maisonette-en\">\n\t\t\t\t\t&mdash; Maisonette\t\t\t\t\t<\/option>\n\t\t\t\t\t\t\t\t\t\t<option value=\"penthouse-en\">\n\t\t\t\t\t&mdash; Penthouse\t\t\t\t\t<\/option>\n\t\t\t\t\t\t\t\t\t\t<option value=\"top-floor-en\">\n\t\t\t\t\t&mdash; Top floor\t\t\t\t\t<\/option>\n\t\t\t\t\t\t\t\t\t\t<option value=\"gastronomyhotels-en\">\n\t\t\t\t\tGastronomy\/Hotels\t\t\t\t\t<\/option>\n\t\t\t\t\t\t\t\t\t\t<option value=\"guest-house-en\">\n\t\t\t\t\t&mdash; Guest house\t\t\t\t\t<\/option>\n\t\t\t\t\t\t\t\t\t\t<option value=\"pension-en\">\n\t\t\t\t\t&mdash; Pension\t\t\t\t\t<\/option>\n\t\t\t\t\t\t\t\t\t\t<option value=\"house-en\">\n\t\t\t\t\tHouse\t\t\t\t\t<\/option>\n\t\t\t\t\t\t\t\t\t\t<option value=\"farm-house-en\">\n\t\t\t\t\t&mdash; Farm house\t\t\t\t\t<\/option>\n\t\t\t\t\t\t\t\t\t\t<option value=\"holiday-home-en\">\n\t\t\t\t\t&mdash; holiday home\t\t\t\t\t<\/option>\n\t\t\t\t\t\t\t\t\t\t<option value=\"multi-family-house-en\">\n\t\t\t\t\t&mdash; Multi-family house\t\t\t\t\t<\/option>\n\t\t\t\t\t\t\t\t\t\t<option value=\"row-house-en\">\n\t\t\t\t\t&mdash; Row house\t\t\t\t\t<\/option>\n\t\t\t\t\t\t\t\t\t\t<option value=\"semi-detached-house-en\">\n\t\t\t\t\t&mdash; Semi-detached house\t\t\t\t\t<\/option>\n\t\t\t\t\t\t\t\t\t\t<option value=\"single-family-home-en\">\n\t\t\t\t\t&mdash; single family home\t\t\t\t\t<\/option>\n\t\t\t\t\t\t\t\t\t\t<option value=\"investment-property-en\">\n\t\t\t\t\tInvestment property\t\t\t\t\t<\/option>\n\t\t\t\t\t\t\t\t\t\t<option value=\"apartment-building-investment-property-en\">\n\t\t\t\t\t&mdash; Apartment building (investment property)\t\t\t\t\t<\/option>\n\t\t\t\t\t\t\t\t\t\t<option value=\"country-en\">\n\t\t\t\t\tLand\t\t\t\t\t<\/option>\n\t\t\t\t\t\t\t\t\t\t<option value=\"office-surgery-en\">\n\t\t\t\t\toffice \/ surgery\t\t\t\t\t<\/option>\n\t\t\t\t\t\t\t\t\t\t<option value=\"office-en\">\n\t\t\t\t\t&mdash; Office\t\t\t\t\t<\/option>\n\t\t\t\t\t\t\t\t\t<\/select>\n\t\t\t\t\t\t\t<select id=\"shortcode-immomakler-search-taxonomy-immomakler_object_location\"\n\t\t\t\t\t\tname=\"ort\"\n\t\t\t\t\t\tclass=\"immomakler-search-taxonomy immomakler_object_location col-xs-12 col-sm-3 selectpicker\"\n\t\t\t\t\t\t\t\t\t\t\t\t data-dropup-auto=\"false\"\t\t\t\t\t\t\t\t\t\t\t\taria-label=\"Immobilien-Orte\">\n\t\t\t\t\t\t\t\t\t\t\t\t\t\t\t\t<option value=\"\">All locations<\/option>\n\t\t\t\t\t\t\t\t\t\t\t\t\t\t\t\t\t\t\t<option value=\"aurach-bei-kitzbuehel-en\">\n\t\t\t\t\tAurach bei Kitzb\u00fchel\t\t\t\t\t<\/option>\n\t\t\t\t\t\t\t\t\t\t<option value=\"bad-gastein-en\">\n\t\t\t\t\tBad Gastein\t\t\t\t\t<\/option>\n\t\t\t\t\t\t\t\t\t\t<option value=\"bad-hofgastein-en\">\n\t\t\t\t\tBad Hofgastein\t\t\t\t\t<\/option>\n\t\t\t\t\t\t\t\t\t\t<option value=\"bramberg-am-wildkogel-en\">\n\t\t\t\t\tBramberg am Wildkogel\t\t\t\t\t<\/option>\n\t\t\t\t\t\t\t\t\t\t<option value=\"bruck-an-der-glocknerstrasse-en\">\n\t\t\t\t\tBruck an der Glocknerstra\u00dfe\t\t\t\t\t<\/option>\n\t\t\t\t\t\t\t\t\t\t<option value=\"erpfendorf-en\">\n\t\t\t\t\tErpfendorf\t\t\t\t\t<\/option>\n\t\t\t\t\t\t\t\t\t\t<option value=\"fieberbrunn-en\">\n\t\t\t\t\tFieberbrunn\t\t\t\t\t<\/option>\n\t\t\t\t\t\t\t\t\t\t<option value=\"fuerth-en\">\n\t\t\t\t\tF\u00fcrth\t\t\t\t\t<\/option>\n\t\t\t\t\t\t\t\t\t\t<option value=\"goldegg-en\">\n\t\t\t\t\tGoldegg\t\t\t\t\t<\/option>\n\t\t\t\t\t\t\t\t\t\t<option value=\"hinterglemm-en\">\n\t\t\t\t\tHinterglemm\t\t\t\t\t<\/option>\n\t\t\t\t\t\t\t\t\t\t<option value=\"kaprun-en\">\n\t\t\t\t\tKaprun\t\t\t\t\t<\/option>\n\t\t\t\t\t\t\t\t\t\t<option value=\"lofer-en\">\n\t\t\t\t\tLofer\t\t\t\t\t<\/option>\n\t\t\t\t\t\t\t\t\t\t<option value=\"maishofen-en\">\n\t\t\t\t\tMaishofen\t\t\t\t\t<\/option>\n\t\t\t\t\t\t\t\t\t\t<option value=\"maria-alm-en\">\n\t\t\t\t\tMaria Alm\t\t\t\t\t<\/option>\n\t\t\t\t\t\t\t\t\t\t<option value=\"neukirchen-am-grossvenediger-en\">\n\t\t\t\t\tNeukirchen am Gro\u00dfvenediger\t\t\t\t\t<\/option>\n\t\t\t\t\t\t\t\t\t\t<option value=\"piesendorf-en\">\n\t\t\t\t\tPiesendorf\t\t\t\t\t<\/option>\n\t\t\t\t\t\t\t\t\t\t<option value=\"radstadt-en\">\n\t\t\t\t\tRadstadt\t\t\t\t\t<\/option>\n\t\t\t\t\t\t\t\t\t\t<option value=\"rauris-en\">\n\t\t\t\t\tRauris\t\t\t\t\t<\/option>\n\t\t\t\t\t\t\t\t\t\t<option value=\"saalbach-hinterglemm-en\">\n\t\t\t\t\tSaalbach-Hinterglemm\t\t\t\t\t<\/option>\n\t\t\t\t\t\t\t\t\t\t<option value=\"sankt-johann-in-tirol-en\">\n\t\t\t\t\tSankt Johann in Tirol\t\t\t\t\t<\/option>\n\t\t\t\t\t\t\t\t\t\t<option value=\"sankt-ulrich-am-pillersee-en\">\n\t\t\t\t\tSankt Ulrich am Pillersee\t\t\t\t\t<\/option>\n\t\t\t\t\t\t\t\t\t\t<option value=\"sankt-veit-im-pongau-en\">\n\t\t\t\t\tSankt Veit im Pongau\t\t\t\t\t<\/option>\n\t\t\t\t\t\t\t\t\t\t<option value=\"st-johann-im-pongau-en\">\n\t\t\t\t\tSt. Johann im Pongau\t\t\t\t\t<\/option>\n\t\t\t\t\t\t\t\t\t\t<option value=\"wagrain-en\">\n\t\t\t\t\tWagrain\t\t\t\t\t<\/option>\n\t\t\t\t\t\t\t\t\t\t<option value=\"wald-im-pinzgau-en\">\n\t\t\t\t\tWald im Pinzgau\t\t\t\t\t<\/option>\n\t\t\t\t\t\t\t\t\t\t<option value=\"werfen-en\">\n\t\t\t\t\tWerfen\t\t\t\t\t<\/option>\n\t\t\t\t\t\t\t\t\t\t<option value=\"zell-am-see-en\">\n\t\t\t\t\tZell am See\t\t\t\t\t<\/option>\n\t\t\t\t\t\t\t\t\t<\/select>\n\t\t\t\t\t\t\t<\/div>\n\t\t\t\t\t\t\t\t  <div id=\"shortcode-immomakler-search-advanced\" class=\"panel panel-default\">\n\t\t\t\t\t\t\t\t\t\t<div class=\"panel-heading\"><div class=\"search-actions row\">\n\t\t\t\t\t\t\t\t\t\t\t\t\t<button type=\"submit\" class=\"immomakler-submit btn btn-primary\">\n\t\t\t\t\t\t\t\t<span class=\"glyphicon glyphicon-search\"><\/span>\n\t\t\t\t\t\t\t\tShow 65 results\t\t\t\t\t\t\t<\/button>\n\t\t\t\t\t\t\t\t\t\t\t\t\t\t\t\t\t\t\t\t\t\t\t\t\t\t\t\t\t\t\t<a class=\"btn btn-secondary\" id=\"immomakler-search-reset\" href=\"\" role=\"button\">\n\t\t\t\t\t\t\tSuche zur\u00fccksetzen\t\t\t\t\t\t<\/a>\n\t\t\t\t\t\t\t\t\t\t\t\t\t\t\t\t\t\t\t\t\t\t\t\t\t\t\t\t\t<div class=\"input-group search-for-id\">\n\t\t\t\t\t\t\t<input type=\"text\" class=\"form-control\" name=\"objekt-id\" aria-label=\"Objekt-ID suchen\" data-submit-form=\"objekt-id\" placeholder=\"Objekt-ID suchen\" value=\"\">\n\t\t\t\t\t\t\t<span class=\"input-group-btn\">\n\t\t\t\t\t\t\t\t<button class=\"btn btn-default\" type=\"submit\" aria-label=\"Objekt-ID suchen\"><span class=\"glyphicon glyphicon-search\"><\/span><\/button>\n\t\t\t\t\t\t\t<\/span>\n\t\t\t\t\t\t<\/div>\n\t\t\t\t\t\t\t\t\t\t\t\t\t\t\t\t<\/div><\/div>\n\t\t\t\t\t\t\t\t  <\/div>\n\t\t\t\t\t\t\t\t<\/form>\n\t\t\t\t<script type=\"text\/javascript\">\n\t\t\t\t(function($) {\n\t\t\t\t  $(function() {\n\t\t\t\t\t$( '#shortcode-immomakler-search' ).ajaxStart(function() {\n\t\t\t\t\t  $( '#shortcode-immomakler-search' ).css('opacity', 0.5);\n\t\t\t\t\t});\n\t\t\t\t\t$( '#shortcode-immomakler-search' ).ajaxComplete(function() {\n\t\t\t\t\t  $( '#shortcode-immomakler-search' ).css('opacity', 1);\n\t\t\t\t\t});\n\t\t\t\t  });\n\t\t\t\t})(jQuery);\n\t\t\t\t\t\t\t\t(function($) {\n\t\t\t\t  $(function() {\n\t\t\t\t\t$('.immomakler-search-taxonomy').on('change', function (e) {\n\t\t\t\t\t\t$('.search-actions .immomakler-submit').prop('disabled', true);\n\t\t\t\t\t\t  if ($('[data-submit-form=\"objekt-id\"]').val()) {\n\t\t\t\t\t\t\t  $('[data-immomakler=\"search-form\"]').submit();\n\t\t\t\t\t\t\t  return false;\n\t\t\t\t\t\t  }\n\t\t\t\t\t  if ($('#shortcode-collapseable-search').hasClass('in')) { $(\"input[name='collapse']\").val('in');} else { $(\"input[name='collapse']\").val('out');}\n\t\t\t\t\t  \t\t\t\t\t\t$('#shortcode-immomakler-search').load('https:\/\/www.sage-immobilien.at\/en\/immobilien\/?callback=immomakler_get_search_form&post_type=immomakler_object&columns=4&prefix=shortcode-&' + $('#shortcode-immomakler-search-form').serialize() );\n\t\t\t\t\t  \t\t\t\t\t\treturn false;\n\t\t\t\t\t});\n\t\t\t\t  });\n\t\t\t\t})(jQuery);\n\t\t\t\t\t\t\t\t\t\t\t\t(function($) {\n\t\t\t\t  $(function() {\n\t\t\t\t\t$('.immomakler-search-range-slider').change(function() {\n\t\t\t\t\t\tif ($('[data-submit-form=\"objekt-id\"]').val()) {\n\t\t\t\t\t\t\t$('[data-immomakler=\"search-form\"]').submit();\n\t\t\t\t\t\t\treturn false;\n\t\t\t\t\t\t  }\n\t\t\t\t\t  if ($('#shortcode-collapseable-search').hasClass('in')) { $(\"input[name='collapse']\").val('in');} else { $(\"input[name='collapse']\").val('out');}\n\t\t\t\t\t  \t\t\t\t\t$('#shortcode-immomakler-search').load('https:\/\/www.sage-immobilien.at\/en\/immobilien\/?callback=immomakler_get_search_form&post_type=immomakler_object&columns=4&prefix=shortcode-&' + $('#shortcode-immomakler-search-form').serialize() );\n\t\t\t\t\t  \t\t\t\t\t\treturn false;\n\t\t\t\t\t});\n\t\t\t\t  });\n\t\t\t\t})(jQuery);\n\t\t\t\t\t\t\t\t\t\t\t\t(function($) {\n\t\t\t\t  $(function() {\n\t\t\t\t\t$('.immomakler-search-radius').change(function() {\n\t\t\t\t\t\tif ($('[data-submit-form=\"objekt-id\"]').val()) {\n\t\t\t\t\t\t\t$('[data-immomakler=\"search-form\"]').submit();\n\t\t\t\t\t\t\treturn false;\n\t\t\t\t\t\t  }\n\t\t\t\t\t  if ($('#shortcode-collapseable-search').hasClass('in')) { $(\"input[name='collapse']\").val('in');} else { $(\"input[name='collapse']\").val('out');}\n\t\t\t\t\t  \t\t\t\t\t$('#shortcode-immomakler-search').load('https:\/\/www.sage-immobilien.at\/en\/immobilien\/?callback=immomakler_get_search_form&post_type=immomakler_object&columns=4&prefix=shortcode-&' + $('#shortcode-immomakler-search-form').serialize() );\n\t\t\t\t\t  \t\t\t\t\t\treturn false;\n\t\t\t\t\t});\n\t\t\t\t  });\n\t\t\t\t})(jQuery);\n\t\t\t\t\t\t\t\t(function($) {\n\t\t\t\t  $(function() {\n\t\t\t\t\t$('#immomakler-search-reset').click(function() {\n\t\t\t\t\t  if ($('#shortcode-collapseable-search').hasClass('in')) { $(\"input[name='collapse']\").val('in');} else { $(\"input[name='collapse']\").val('out');}\n\t\t\t\t\t$('#shortcode-immomakler-search').load('https:\/\/www.sage-immobilien.at\/en\/immobilien\/?callback=immomakler_get_search_form&post_type=immomakler_object&columns=4&prefix=shortcode-' );\n\t\t\t\t\t\treturn false;\n\t\t\t\t\t});\n\t\t\t\t  });\n\t\t\t\t})(jQuery);\n\t\t\t\tjQuery(document).ready(function($) {\n\t\t\t\t\t$('.search-ranges').show();\n\t\t\t\t});\n\t\t\t\t<\/script>\n\t\t\t\t\t\t<\/div> <!-- immomakler-search -->\n\t\t\t\n<\/div><\/section><br \/>\n<div  class='avia-button-wrap avia-button-center  avia-builder-el-6  el_after_av_textblock  el_before_av_hr '>\n<style type=\"text\/css\" data-created_by=\"avia_inline_auto\" id=\"style-css-av-h01oikj-fbca3c74e204b195943ad7faaba95b22\">\n#top #wrap_all .avia-button.av-h01oikj-fbca3c74e204b195943ad7faaba95b22{\ncolor:#ffffff;\ntransition:all 0.4s ease-in-out;\n}\n#top #wrap_all .avia-button.av-h01oikj-fbca3c74e204b195943ad7faaba95b22:hover{\ncolor:#ffffff;\ntransition:all 0.4s ease-in-out;\n}\n#top #wrap_all .avia-button.av-h01oikj-fbca3c74e204b195943ad7faaba95b22 .avia-svg-icon svg:first-child{\nfill:#ffffff;\nstroke:#ffffff;\n}\n#top #wrap_all .avia-button.av-h01oikj-fbca3c74e204b195943ad7faaba95b22:hover .avia-svg-icon svg:first-child{\nfill:#ffffff;\nstroke:#ffffff;\n}\n<\/style>\n<a href='https:\/\/www.sage-immobilien.at\/immobilien-vermarktungsart\/kauf\/?post_type=immomakler_object&amp;vermarktungsart=kauf&amp;ort=gro\u00dfarl' class='avia-color-theme-color avia-button avia-button-fullwidth av-h01oikj-fbca3c74e204b195943ad7faaba95b22 avia-icon_select-yes-left-icon avia-color-theme-color'   aria-label=\"More...\"><span class='avia_button_icon avia_button_icon_left avia-iconfont avia-font-entypo-fontello' data-av_icon='\ue821' data-av_iconfont='entypo-fontello' ><\/span><span class='avia_iconbox_title' >More...<\/span><span class='avia_button_background avia-button avia-button-fullwidth avia-color-theme-color'><\/span><\/a><\/div><br \/>\n\n<style type=\"text\/css\" data-created_by=\"avia_inline_auto\" id=\"style-css-av-dhp0sub-ec8bd881bd283b474ce5153b7028ec75\">\n#top .hr.hr-invisible.av-dhp0sub-ec8bd881bd283b474ce5153b7028ec75{\nheight:50px;\n}\n<\/style>\n<div  class='hr av-dhp0sub-ec8bd881bd283b474ce5153b7028ec75 hr-invisible  avia-builder-el-7  el_after_av_button_big  avia-builder-el-no-sibling '><span class='hr-inner '><span class=\"hr-inner-style\"><\/span><\/span><\/div><\/p><\/div><section  class='av_textblock_section av-7gikgsj-14f082a76baa165d523cf45c2f7e9333 '  ><div class='avia_textblock' ><h2>Ski properties in the tourist destination Gro\u00dfarl<\/h2>\n<p>The Gro\u00dfarl Valley with its main town Gro\u00dfarl is accessed from St. Johann im Pongau via the street Alpendorfstra\u00dfe. As the village is located on a plateau, <strong>clear views of the surrounding fairytale mountain panorama<\/strong> are promised. The &#8220;Valley of Huts&#8221; stands out because of the many rustic alpine huts. Approximately 40 alpine huts in Gro\u00dfarl and in the neighboring town of H\u00fcttschlag contribute to the <strong>special charm of the region<\/strong>.<\/p>\n<p>However, the region offers more than a scenic landscape. The mountain ranges are also <strong>frequented by skiers<\/strong>, a total of 17 lifts and 73 km of pistes is provided. The <strong>ski area Gro\u00dfarltal &#8211; Dorfgastein<\/strong> connects the two neighbouring valleys Gastein Valley and Gro\u00dfarl Valley. Descents of all levels of difficulty invite both beginners and professionals alike, who can meet for refreshments in one of the traditional alpine ski huts.<\/p>\n<p><img decoding=\"async\" class=\"alignleft size-portfolio wp-image-539484 lazyload\" data-src=\"https:\/\/www.sage-immobilien.at\/wp-content\/uploads\/2019\/03\/dorfgastein-495x400.jpg\" alt=\"Ski-Immobilie kaufen in Gro\u00dfarl\" width=\"495\" height=\"400\" src=\"data:image\/svg+xml;base64,PHN2ZyB3aWR0aD0iMSIgaGVpZ2h0PSIxIiB4bWxucz0iaHR0cDovL3d3dy53My5vcmcvMjAwMC9zdmciPjwvc3ZnPg==\" style=\"--smush-placeholder-width: 495px; --smush-placeholder-aspect-ratio: 495\/400;\" \/><\/p>\n<p>The winter destination Gro\u00dfarl is not just a skier&#8217;s paradise, it also offers winter activities such as cross-country skiing, winter hiking, tobogganing and much more.<\/p>\n<p>This makes the town a popular destination for all mountain lovers who enjoy the unique panorama during outside leisure activities in winter as in summer.<\/p>\n<h2>Gro\u00dfarl and quality of life<\/h2>\n<p>The advantages created by tourism, of course, have leveraged the advanced economic development of the region, thus there is still a strong focus on tourism in Gro\u00dfarl. The density of 4-star hotels is high; moreover a wide cultural offer and educational facilities contribute to the <strong>high quality of life in Gro\u00dfar<\/strong>l. These are just a few of the many reasons for a <strong>real estate investment in Gro\u00dfarl<\/strong>.<\/p>\n<p>Another positive aspect is the moderate traffic in the Gro\u00dfarl Valley. Although there is a federal road across the valley, there is no stop of the Austrian railway, thus the transalpine transit traffic is avoided. Hourly bus rides enable you to get to the next larger city of St. Johann, for example. This ensures a tranquil atmosphere that contributes significantly to the quality of life in the Gro\u00dfarl Valley.<\/p>\n<h2>SAGE Immobilien assists you in purchasing or selling a real estate<\/h2>\n<p>We at SAGE Immobilien know and love this region, so we can offer you exclusive ski properties in Gro\u00dfarl. No matter what attracts you to the Gro\u00dfarl Valley \u2013 living in the beautiful area or economic interests to invest in a property and offer it for tourist use or a holiday home to enjoy the winter sports &#8211; we will find the ideal property for you in the Gro\u00dfarl Valley with its main town Gro\u00dfarl.<\/p>\n<p>Feel free to <a href=\"https:\/\/www.sage-immobilien.at\/en\/contact\/\">contact us<\/a>, we take care of your request and you can browse through our extensive brochures, while we come forward with further objects for you. With SAGE Immobilien as a partner, you can consider your purchase of a real estate uncomplicated and satisfying &#8211; so that you can look forward to your new property without hassles. Of course, we are also at your disposal for the sale of your property in Gro\u00dfarl.<\/p>\n<\/div><\/section><\/p>\n","protected":false},"excerpt":{"rendered":"","protected":false},"author":4,"featured_media":0,"parent":544856,"menu_order":0,"comment_status":"closed","ping_status":"closed","template":"","meta":{"footnotes":""},"class_list":["post-557243","page","type-page","status-publish","hentry"],"_links":{"self":[{"href":"https:\/\/www.sage-immobilien.at\/en\/wp-json\/wp\/v2\/pages\/557243","targetHints":{"allow":["GET"]}}],"collection":[{"href":"https:\/\/www.sage-immobilien.at\/en\/wp-json\/wp\/v2\/pages"}],"about":[{"href":"https:\/\/www.sage-immobilien.at\/en\/wp-json\/wp\/v2\/types\/page"}],"author":[{"embeddable":true,"href":"https:\/\/www.sage-immobilien.at\/en\/wp-json\/wp\/v2\/users\/4"}],"replies":[{"embeddable":true,"href":"https:\/\/www.sage-immobilien.at\/en\/wp-json\/wp\/v2\/comments?post=557243"}],"version-history":[{"count":0,"href":"https:\/\/www.sage-immobilien.at\/en\/wp-json\/wp\/v2\/pages\/557243\/revisions"}],"up":[{"embeddable":true,"href":"https:\/\/www.sage-immobilien.at\/en\/wp-json\/wp\/v2\/pages\/544856"}],"wp:attachment":[{"href":"https:\/\/www.sage-immobilien.at\/en\/wp-json\/wp\/v2\/media?parent=557243"}],"curies":[{"name":"wp","href":"https:\/\/api.w.org\/{rel}","templated":true}]}}